{"id":74,"date":"2020-12-11T16:02:39","date_gmt":"2020-12-11T15:02:39","guid":{"rendered":"http:\/\/divergenre.fr\/?page_id=74"},"modified":"2020-12-11T18:22:27","modified_gmt":"2020-12-11T17:22:27","slug":"ressources","status":"publish","type":"page","link":"https:\/\/divergenre.fr\/?page_id=74","title":{"rendered":"Ressources"},"content":{"rendered":"\n<h2 class=\"wp-block-heading\">Lexique<\/h2>\n\n\n\n<p>Il est important de rappeler que les termes ci-dessous sont susceptibles d\u2019\u00e9voluer ou de changer (par exemple dans le monde anglo-saxon on n\u2019utilise presque plus FTM\/MTF), il est plus important de saisir les enjeux autour de ces d\u00e9finitions que d\u2019apprendre une liste de vocabulaire par c\u0153ur.<\/p>\n\n\n\n<p><strong>-Transidentit\u00e9s<\/strong> : Ce terme nous para\u00eet en g\u00e9n\u00e9ral plus ad\u00e9quat, il permet de mettre l\u2019accent sur l\u2019identit\u00e9 sociale plut\u00f4t que sur la sexualit\u00e9. On l\u2019utilise en g\u00e9n\u00e9ral au pluriel pour souligner la diversit\u00e9 des identit\u00e9s et des parcours. De la m\u00eame mani\u00e8re on pr\u00e9f\u00e8rera parler des personnes trans\u2019 plut\u00f4t que de transsexuel\u00b7e\u00b7s\/transgenres\/transidentitaires, ce qui permet d\u2019\u00eatre le plus inclusif possible (m\u00eame si transgenres et transidentidaires restent acceptables contrairement \u00e0 transsexuel\u00b7e\u00b7s cf d\u00e9finition transsexualisme)<\/p>\n\n\n\n<p><s>&nbsp;<strong>Transsexualisme<\/strong><\/s>: Terme psychiatrique, issu du discours m\u00e9dical pathologisant et psychiatrisant et que nous pr\u00e9f\u00e9rons par cons\u00e9quent \u00e9viter.<\/p>\n\n\n\n<p>&nbsp;<strong><s>Transsexualit\u00e9 \/ transsexuel\u00b7<\/s><\/strong>le : Terme tr\u00e8s utilis\u00e9 notamment dans le discours m\u00e9diatique et politique. En raison de la confusion qui est faite avec les questions de sexualit\u00e9 et pour \u00e9viter les amalgames, nous pr\u00e9f\u00e9rons ne pas l\u2019utiliser, m\u00eame si certaines personnes se reconnaissent dedans.<\/p>\n\n\n\n<p><strong>Personne trans<\/strong> : personne qui vit ou qui souhaite vivre dans un genre diff\u00e9rent de celui qui lui a \u00e9t\u00e9 assign\u00e9 \u00e0 la naissance. Cela englobe toute personne ayant fait ou souhaitant faire le choix d\u2019une transition, qu\u2019elle choisisse ou non d\u2019avoir recours \u00e0 des traitements m\u00e9dicaux et\/ou des chirurgies dans cet objectif.<\/p>\n\n\n\n<p><strong>FtM \/ Ft* \/ Homme trans \/ Gar\u00e7on trans \/ Personne transmasculine<\/strong> : Personne assign\u00e9e au regard des sciences biom\u00e9dicales comme appartenant \u00e0 la cat\u00e9gorie femelle et pour l\u2019\u00e9tat civil au genre f\u00e9minin, qui transitionne vers un genre masculin et\/ou fluide.<\/p>\n\n\n\n<p><strong>MtF \/ Mt* \/ Femme trans \/ Fille trans \/ Personne transf\u00e9minine <\/strong>: Personne assign\u00e9e au regard des sciences biom\u00e9dicales comme appartenant \u00e0 la cat\u00e9gorie m\u00e2le et pour l\u2019\u00e9tat civil au genre masculin, qui transitionne vers un genre f\u00e9minin et\/ou fluide.<\/p>\n\n\n\n<p><strong>Transphobie<\/strong> : Oppression, rejet ou haine sp\u00e9cifique des personnes trans et\/ou des transidentit\u00e9s. Elle peut s\u2019exprimer de mani\u00e8re ouverte et violente ou de mani\u00e8re plus insidieuse.<\/p>\n\n\n\n<p><strong>La question des pronoms :<\/strong> On parle d\u2019une personne trans en utilisant les accords et les pronoms en ad\u00e9quation avec l\u2019identit\u00e9 qu\u2019elle revendique, peu importe ses choix de transition. Par exemple : pour une MtF on dira \u00ab elle \u00bb, et pour un FtM on dira \u00ab il \u00bb. Certaines personnes utilisent des pronoms neutres.<\/p>\n\n\n\n<p><strong>Personne intersexe \/ intersexu\u00e9e<\/strong>&nbsp;: personnes n\u00e9es avec des caract\u00e8res sexuels (g\u00e9nitaux, hormonaux, gonadiques ou chromosomiques) qui ne correspondent pas aux d\u00e9finitions binaires types des corps masculins ou f\u00e9minins. Le terme intersexe s\u2019emploie pour d\u00e9crire une large gamme de variations naturelles du corps, qui se d\u00e9veloppent \u00e0 tout moment de la vie. Les personnes intersexes sont des personnes ayant subi une invalidation m\u00e9dicale de leurs corps sexu\u00e9s.<\/p>\n\n\n\n<p>On n\u2019utilise pas le terme \u00ab hermaphrodite \u00bb car il d\u00e9signe chez les animaux ceux qui poss\u00e8dent en m\u00eame temps un syst\u00e8me reproducteur m\u00e2le et femelles fonctionnels, ce qui n\u2019existe pas chez les \u00eatres humains.<\/p>\n\n\n\n<p>Les personnes intersexes sont souvent mutil\u00e9es tr\u00e8s jeune pour faire ressembler leurs organes g\u00e9nitaux aux standards m\u00e2le ou femelle, ces pratiques ont \u00e9t\u00e9 reconnues comme torture par l\u2019ONU et nous les d\u00e9non\u00e7ons. Certaines personnes intersexes font le choix d\u2019une transition, d\u2019autres non. N\u2019\u00e9tant pas nous-m\u00eame une association de personnes intersexes nous incitons les personnes souhaitant davantage d\u2019informations \u00e0 consulter les associations intersexes.<\/p>\n\n\n\n<p><strong>Cisgenre \/ Personne cis<\/strong> : Personne non trans, personne qui vit dans le genre qui lui a \u00e9t\u00e9 assign\u00e9 \u00e0 la naissance. Le terme bio (\u00ab homme\/femme bio \u00bb) est parfois utilis\u00e9, les corps des personnes trans \u00e9tant aussi biologiques que les autres nous \u00e9vitons en g\u00e9n\u00e9ral ce terme.<\/p>\n\n\n\n<p><strong>\u00c9quipes hospitali\u00e8res\/protocolaires \/ SOFECT \/ FPATH<\/strong> : &nbsp;\u00c9quipes m\u00e9dicales pluridisciplinaires compos\u00e9es g\u00e9n\u00e9ralement d\u2019un\u00b7e ou plusieurs psychiatres, endocrinologues et chirurgien\u00b7ne\u00b7s s\u2019autoproclamant sp\u00e9cialistes de la question trans mais n\u2019ayant aucune r\u00e9elle l\u00e9gitimit\u00e9. Ces \u00e9quipes sont reconnues par la S\u00e9curit\u00e9 Sociale m\u00eame si le parcours de soin qu\u2019elles proposent est totalement inadapt\u00e9 \u00e0 la situation et aux besoins des personnes trans. Elles sont aussi appel\u00e9es de mani\u00e8re erron\u00e9e \u00ab \u00e9quipes officielles \u00bb en opposition au parcours priv\u00e9 mais n\u2019ont absolument rien d\u2019officiel en r\u00e9alit\u00e9.<\/p>\n","protected":false},"excerpt":{"rendered":"<p>Lexique Il est important de rappeler que les termes ci-dessous sont susceptibles d\u2019\u00e9voluer ou de changer (par exemple dans le monde anglo-saxon on n\u2019utilise presque plus FTM\/MTF), il est plus important de saisir les enjeux autour de ces d\u00e9finitions que d\u2019apprendre une liste de vocabulaire par c\u0153ur. -Transidentit\u00e9s : Ce terme nous para\u00eet en g\u00e9n\u00e9ral [&hellip;]<\/p>\n","protected":false},"author":2,"featured_media":0,"parent":0,"menu_order":0,"comment_status":"closed","ping_status":"closed","template":"","meta":{"_seopress_robots_primary_cat":"","_mi_skip_tracking":false,"_monsterinsights_sitenote_active":false,"_monsterinsights_sitenote_note":"","_monsterinsights_sitenote_category":0,"footnotes":""},"yoast_head":"<!-- This site is optimized with the Yoast SEO plugin v21.5 - https:\/\/yoast.com\/wordpress\/plugins\/seo\/ -->\n<title>Ressources - Divergenre<\/title>\n<meta name=\"robots\" content=\"index, follow, max-snippet:-1, max-image-preview:large, max-video-preview:-1\" \/>\n<link rel=\"canonical\" href=\"https:\/\/divergenre.fr\/?page_id=74\" \/>\n<meta property=\"og:locale\" content=\"fr_FR\" \/>\n<meta property=\"og:type\" content=\"article\" \/>\n<meta property=\"og:title\" content=\"Ressources - Divergenre\" \/>\n<meta property=\"og:description\" content=\"Lexique Il est important de rappeler que les termes ci-dessous sont susceptibles d\u2019\u00e9voluer ou de changer (par exemple dans le monde anglo-saxon on n\u2019utilise presque plus FTM\/MTF), il est plus important de saisir les enjeux autour de ces d\u00e9finitions que d\u2019apprendre une liste de vocabulaire par c\u0153ur. -Transidentit\u00e9s : Ce terme nous para\u00eet en g\u00e9n\u00e9ral [&hellip;]\" \/>\n<meta property=\"og:url\" content=\"https:\/\/divergenre.fr\/?page_id=74\" \/>\n<meta property=\"og:site_name\" content=\"Divergenre\" \/>\n<meta property=\"article:publisher\" content=\"https:\/\/www.facebook.com\/DivergenreAsso\/\" \/>\n<meta property=\"article:modified_time\" content=\"2020-12-11T17:22:27+00:00\" \/>\n<meta property=\"og:image\" content=\"https:\/\/divergenre.fr\/wp-content\/uploads\/2020\/12\/divergenrelogo120.png\" \/>\n\t<meta property=\"og:image:width\" content=\"108\" \/>\n\t<meta property=\"og:image:height\" content=\"120\" \/>\n\t<meta property=\"og:image:type\" content=\"image\/png\" \/>\n<meta name=\"twitter:card\" content=\"summary_large_image\" \/>\n<meta name=\"twitter:site\" content=\"@divergenre\" \/>\n<meta name=\"twitter:label1\" content=\"Dur\u00e9e de lecture estim\u00e9e\" \/>\n\t<meta name=\"twitter:data1\" content=\"4 minutes\" \/>\n<script type=\"application\/ld+json\" class=\"yoast-schema-graph\">{\"@context\":\"https:\/\/schema.org\",\"@graph\":[{\"@type\":\"WebPage\",\"@id\":\"https:\/\/divergenre.fr\/?page_id=74\",\"url\":\"https:\/\/divergenre.fr\/?page_id=74\",\"name\":\"Ressources - Divergenre\",\"isPartOf\":{\"@id\":\"https:\/\/divergenre.fr\/#website\"},\"datePublished\":\"2020-12-11T15:02:39+00:00\",\"dateModified\":\"2020-12-11T17:22:27+00:00\",\"breadcrumb\":{\"@id\":\"https:\/\/divergenre.fr\/?page_id=74#breadcrumb\"},\"inLanguage\":\"fr-FR\",\"potentialAction\":[{\"@type\":\"ReadAction\",\"target\":[\"https:\/\/divergenre.fr\/?page_id=74\"]}]},{\"@type\":\"BreadcrumbList\",\"@id\":\"https:\/\/divergenre.fr\/?page_id=74#breadcrumb\",\"itemListElement\":[{\"@type\":\"ListItem\",\"position\":1,\"name\":\"Accueil\",\"item\":\"https:\/\/divergenre.fr\/\"},{\"@type\":\"ListItem\",\"position\":2,\"name\":\"Ressources\"}]},{\"@type\":\"WebSite\",\"@id\":\"https:\/\/divergenre.fr\/#website\",\"url\":\"https:\/\/divergenre.fr\/\",\"name\":\"divergenre.fr\",\"description\":\"\",\"publisher\":{\"@id\":\"https:\/\/divergenre.fr\/#organization\"},\"potentialAction\":[{\"@type\":\"SearchAction\",\"target\":{\"@type\":\"EntryPoint\",\"urlTemplate\":\"https:\/\/divergenre.fr\/?s={search_term_string}\"},\"query-input\":\"required name=search_term_string\"}],\"inLanguage\":\"fr-FR\"},{\"@type\":\"Organization\",\"@id\":\"https:\/\/divergenre.fr\/#organization\",\"name\":\"Divergenre\",\"url\":\"https:\/\/divergenre.fr\/\",\"logo\":{\"@type\":\"ImageObject\",\"inLanguage\":\"fr-FR\",\"@id\":\"https:\/\/divergenre.fr\/#\/schema\/logo\/image\/\",\"url\":\"https:\/\/divergenre.fr\/wp-content\/uploads\/2020\/12\/divergenrelogo120.png\",\"contentUrl\":\"https:\/\/divergenre.fr\/wp-content\/uploads\/2020\/12\/divergenrelogo120.png\",\"width\":108,\"height\":120,\"caption\":\"Divergenre\"},\"image\":{\"@id\":\"https:\/\/divergenre.fr\/#\/schema\/logo\/image\/\"},\"sameAs\":[\"https:\/\/www.facebook.com\/DivergenreAsso\/\",\"https:\/\/twitter.com\/divergenre\",\"https:\/\/www.instagram.com\/divergenre\/?hl=fr\"]}]}<\/script>\n<!-- \/ Yoast SEO plugin. -->","yoast_head_json":{"title":"Ressources - Divergenre","robots":{"index":"index","follow":"follow","max-snippet":"max-snippet:-1","max-image-preview":"max-image-preview:large","max-video-preview":"max-video-preview:-1"},"canonical":"https:\/\/divergenre.fr\/?page_id=74","og_locale":"fr_FR","og_type":"article","og_title":"Ressources - Divergenre","og_description":"Lexique Il est important de rappeler que les termes ci-dessous sont susceptibles d\u2019\u00e9voluer ou de changer (par exemple dans le monde anglo-saxon on n\u2019utilise presque plus FTM\/MTF), il est plus important de saisir les enjeux autour de ces d\u00e9finitions que d\u2019apprendre une liste de vocabulaire par c\u0153ur. -Transidentit\u00e9s : Ce terme nous para\u00eet en g\u00e9n\u00e9ral [&hellip;]","og_url":"https:\/\/divergenre.fr\/?page_id=74","og_site_name":"Divergenre","article_publisher":"https:\/\/www.facebook.com\/DivergenreAsso\/","article_modified_time":"2020-12-11T17:22:27+00:00","og_image":[{"width":108,"height":120,"url":"https:\/\/divergenre.fr\/wp-content\/uploads\/2020\/12\/divergenrelogo120.png","type":"image\/png"}],"twitter_card":"summary_large_image","twitter_site":"@divergenre","twitter_misc":{"Dur\u00e9e de lecture estim\u00e9e":"4 minutes"},"schema":{"@context":"https:\/\/schema.org","@graph":[{"@type":"WebPage","@id":"https:\/\/divergenre.fr\/?page_id=74","url":"https:\/\/divergenre.fr\/?page_id=74","name":"Ressources - Divergenre","isPartOf":{"@id":"https:\/\/divergenre.fr\/#website"},"datePublished":"2020-12-11T15:02:39+00:00","dateModified":"2020-12-11T17:22:27+00:00","breadcrumb":{"@id":"https:\/\/divergenre.fr\/?page_id=74#breadcrumb"},"inLanguage":"fr-FR","potentialAction":[{"@type":"ReadAction","target":["https:\/\/divergenre.fr\/?page_id=74"]}]},{"@type":"BreadcrumbList","@id":"https:\/\/divergenre.fr\/?page_id=74#breadcrumb","itemListElement":[{"@type":"ListItem","position":1,"name":"Accueil","item":"https:\/\/divergenre.fr\/"},{"@type":"ListItem","position":2,"name":"Ressources"}]},{"@type":"WebSite","@id":"https:\/\/divergenre.fr\/#website","url":"https:\/\/divergenre.fr\/","name":"divergenre.fr","description":"","publisher":{"@id":"https:\/\/divergenre.fr\/#organization"},"potentialAction":[{"@type":"SearchAction","target":{"@type":"EntryPoint","urlTemplate":"https:\/\/divergenre.fr\/?s={search_term_string}"},"query-input":"required name=search_term_string"}],"inLanguage":"fr-FR"},{"@type":"Organization","@id":"https:\/\/divergenre.fr\/#organization","name":"Divergenre","url":"https:\/\/divergenre.fr\/","logo":{"@type":"ImageObject","inLanguage":"fr-FR","@id":"https:\/\/divergenre.fr\/#\/schema\/logo\/image\/","url":"https:\/\/divergenre.fr\/wp-content\/uploads\/2020\/12\/divergenrelogo120.png","contentUrl":"https:\/\/divergenre.fr\/wp-content\/uploads\/2020\/12\/divergenrelogo120.png","width":108,"height":120,"caption":"Divergenre"},"image":{"@id":"https:\/\/divergenre.fr\/#\/schema\/logo\/image\/"},"sameAs":["https:\/\/www.facebook.com\/DivergenreAsso\/","https:\/\/twitter.com\/divergenre","https:\/\/www.instagram.com\/divergenre\/?hl=fr"]}]}},"_links":{"self":[{"href":"https:\/\/divergenre.fr\/index.php?rest_route=\/wp\/v2\/pages\/74"}],"collection":[{"href":"https:\/\/divergenre.fr\/index.php?rest_route=\/wp\/v2\/pages"}],"about":[{"href":"https:\/\/divergenre.fr\/index.php?rest_route=\/wp\/v2\/types\/page"}],"author":[{"embeddable":true,"href":"https:\/\/divergenre.fr\/index.php?rest_route=\/wp\/v2\/users\/2"}],"replies":[{"embeddable":true,"href":"https:\/\/divergenre.fr\/index.php?rest_route=%2Fwp%2Fv2%2Fcomments&post=74"}],"version-history":[{"count":1,"href":"https:\/\/divergenre.fr\/index.php?rest_route=\/wp\/v2\/pages\/74\/revisions"}],"predecessor-version":[{"id":75,"href":"https:\/\/divergenre.fr\/index.php?rest_route=\/wp\/v2\/pages\/74\/revisions\/75"}],"wp:attachment":[{"href":"https:\/\/divergenre.fr\/index.php?rest_route=%2Fwp%2Fv2%2Fmedia&parent=74"}],"curies":[{"name":"wp","href":"https:\/\/api.w.org\/{rel}","templated":true}]}}