{"id":55,"date":"2020-12-11T15:26:23","date_gmt":"2020-12-11T14:26:23","guid":{"rendered":"http:\/\/divergenre.fr\/?page_id=55"},"modified":"2022-11-24T19:43:05","modified_gmt":"2022-11-24T18:43:05","slug":"actualite","status":"publish","type":"page","link":"https:\/\/divergenre.fr\/","title":{"rendered":"Association ami\u00e9noise transgenre et non binaire"},"content":{"rendered":"\n<p><\/p>\n\n\n\n<h2 class=\"wp-block-heading\">Actualit\u00e9s<\/h2>\n\n\n<ul class=\"wp-block-latest-posts__list aligncenter wp-block-latest-posts\"><li><a class=\"wp-block-latest-posts__post-title\" href=\"https:\/\/divergenre.fr\/?p=216\">Permanence de novembre<\/a><div class=\"wp-block-latest-posts__post-full-content\"><!-- wp:image {\"id\":203,\"sizeSlug\":\"full\",\"linkDestination\":\"none\",\"className\":\"is-style-rounded\"} -->\n<figure class=\"wp-block-image size-full is-style-rounded\"><img decoding=\"async\" loading=\"lazy\" width=\"960\" height=\"541\" src=\"http:\/\/divergenre.fr\/wp-content\/uploads\/2022\/11\/permDivergenreNovembre.jpg\" alt=\"La Permanence de novembre se d\u00e9roulera le Samedi 26 novembre a partir de 15h \u00e0 la BSP , 4 rue Ledieu entr\u00e9e D\" class=\"wp-image-203\" srcset=\"https:\/\/divergenre.fr\/wp-content\/uploads\/2022\/11\/permDivergenreNovembre.jpg 960w, https:\/\/divergenre.fr\/wp-content\/uploads\/2022\/11\/permDivergenreNovembre-300x169.jpg 300w, https:\/\/divergenre.fr\/wp-content\/uploads\/2022\/11\/permDivergenreNovembre-768x433.jpg 768w\" sizes=\"(max-width: 960px) 100vw, 960px\" \/><\/figure>\n<!-- \/wp:image -->\n\n<!-- wp:paragraph -->\n<p><\/p>\n<!-- \/wp:paragraph --><\/div><\/li>\n<\/ul>\n\n<ul class=\"wp-block-latest-posts__list is-grid columns-3 has-dates has-author aligncenter wp-block-latest-posts\"><li><a class=\"wp-block-latest-posts__post-title\" href=\"https:\/\/divergenre.fr\/?p=162\">Ma ch\u00e9rie, ma douce<\/a><div class=\"wp-block-latest-posts__post-author\">par Alexandra<\/div><time datetime=\"2020-12-23T10:54:14+01:00\" class=\"wp-block-latest-posts__post-date\">23 d\u00e9cembre 2020<\/time><div class=\"wp-block-latest-posts__post-excerpt\">Adelphes ne nous divisons pas, encore une fois, car ce sera toujours le grain de nos d\u00e9tracteurs, quinze frotte les mains, mais commun\u00e9ment, pleurons, honorons, d\u00e9non\u00e7ons, hurlons, la disparition bien \u2026 <a href=\"https:\/\/divergenre.fr\/?p=162\" rel=\"noopener noreferrer\">Lire la suite<\/a><\/div><\/li>\n<li><div class=\"wp-block-latest-posts__featured-image alignright\"><img loading=\"lazy\" width=\"150\" height=\"150\" src=\"https:\/\/divergenre.fr\/wp-content\/uploads\/2020\/12\/toustesfichees-150x150.png\" class=\"attachment-thumbnail size-thumbnail wp-post-image\" alt=\"\" decoding=\"async\" style=\"\" \/><\/div><a class=\"wp-block-latest-posts__post-title\" href=\"https:\/\/divergenre.fr\/?p=130\">Toustes fich\u00e9-e-s<\/a><div class=\"wp-block-latest-posts__post-author\">par M\u00e9lanie<\/div><time datetime=\"2020-12-08T17:54:00+01:00\" class=\"wp-block-latest-posts__post-date\">8 d\u00e9cembre 2020<\/time><div class=\"wp-block-latest-posts__post-excerpt\">Le Minist\u00e8re de l\u2019Int\u00e9rieur a publi\u00e9 le 4 d\u00e9cembre trois d\u00e9crets qui permettent de stocker des donn\u00e9es de la sph\u00e8re intime dans les fichiers du renseignement territorial. Ces d\u00e9crets sont \u2026 <a href=\"https:\/\/divergenre.fr\/?p=130\" rel=\"noopener noreferrer\">Lire la suite<\/a><\/div><\/li>\n<li><div class=\"wp-block-latest-posts__featured-image alignright\"><img loading=\"lazy\" width=\"150\" height=\"150\" src=\"https:\/\/divergenre.fr\/wp-content\/uploads\/2020\/12\/effetmode-1-150x150.png\" class=\"attachment-thumbnail size-thumbnail wp-post-image\" alt=\"\" decoding=\"async\" style=\"\" \/><\/div><a class=\"wp-block-latest-posts__post-title\" href=\"https:\/\/divergenre.fr\/?p=34\">Effet de mode<\/a><div class=\"wp-block-latest-posts__post-author\">par Alexandra<\/div><time datetime=\"2020-12-05T14:57:00+01:00\" class=\"wp-block-latest-posts__post-date\">5 d\u00e9cembre 2020<\/time><div class=\"wp-block-latest-posts__post-excerpt\">Le fameux \u00ab\u00a0effet de mode\u00a0\u00bb Soutien \u00e0 Elliot Page et toustes nos adelphes de dernier cri Commenter sur Facebook<\/div><\/li>\n<li><div class=\"wp-block-latest-posts__featured-image alignright\"><img loading=\"lazy\" width=\"150\" height=\"150\" src=\"https:\/\/divergenre.fr\/wp-content\/uploads\/2020\/11\/transgenderbanner-150x150.png\" class=\"attachment-thumbnail size-thumbnail wp-post-image\" alt=\"\" decoding=\"async\" style=\"\" \/><\/div><a class=\"wp-block-latest-posts__post-title\" href=\"https:\/\/divergenre.fr\/?p=49\">Acceptess Transgenres TDOR 2020<\/a><div class=\"wp-block-latest-posts__post-author\">par Alexandra<\/div><time datetime=\"2020-11-20T15:13:00+01:00\" class=\"wp-block-latest-posts__post-date\">20 novembre 2020<\/time><div class=\"wp-block-latest-posts__post-excerpt\">#TDOR Live de comm\u00e9moration des personnes trans disparues, en raison de leur identit\u00e9 de genre par nos pairs d&rsquo; Acceptess Transgenres Commenter sur Facebook<\/div><\/li>\n<li><div class=\"wp-block-latest-posts__featured-image alignright\"><img loading=\"lazy\" width=\"150\" height=\"150\" src=\"https:\/\/divergenre.fr\/wp-content\/uploads\/2020\/11\/bougies-150x150.png\" class=\"attachment-thumbnail size-thumbnail wp-post-image\" alt=\"\" decoding=\"async\" style=\"\" \/><\/div><a class=\"wp-block-latest-posts__post-title\" href=\"https:\/\/divergenre.fr\/?p=40\">Transgender Day of Remembrance 2020<\/a><div class=\"wp-block-latest-posts__post-author\">par Alexandra<\/div><time datetime=\"2020-11-20T15:01:00+01:00\" class=\"wp-block-latest-posts__post-date\">20 novembre 2020<\/time><div class=\"wp-block-latest-posts__post-excerpt\">La transphobie tue toujours. Depuis plus de vingt ans, le 20 novembre, Journ\u00e9e du souvenir trans (TDoR &#8211; Transgender Day of Remembrance), marque le moment o\u00f9 nous saluons la m\u00e9moire \u2026 <a href=\"https:\/\/divergenre.fr\/?p=40\" rel=\"noopener noreferrer\">Lire la suite<\/a><\/div><\/li>\n<\/ul>","protected":false},"excerpt":{"rendered":"<p>Actualit\u00e9s<\/p>\n","protected":false},"author":3,"featured_media":0,"parent":0,"menu_order":0,"comment_status":"closed","ping_status":"closed","template":"","meta":{"_seopress_robots_primary_cat":"","_mi_skip_tracking":false,"_monsterinsights_sitenote_active":false,"_monsterinsights_sitenote_note":"","_monsterinsights_sitenote_category":0,"footnotes":""},"yoast_head":"<!-- This site is optimized with the Yoast SEO plugin v21.5 - https:\/\/yoast.com\/wordpress\/plugins\/seo\/ -->\n<title>Association ami\u00e9noise transgenre et non binaire - Divergenre<\/title>\n<meta name=\"robots\" content=\"index, follow, max-snippet:-1, max-image-preview:large, max-video-preview:-1\" \/>\n<link rel=\"canonical\" href=\"https:\/\/divergenre.fr\/\" \/>\n<meta property=\"og:locale\" content=\"fr_FR\" \/>\n<meta property=\"og:type\" content=\"article\" \/>\n<meta property=\"og:title\" content=\"Association ami\u00e9noise transgenre et non binaire - Divergenre\" \/>\n<meta property=\"og:description\" content=\"Actualit\u00e9s\" \/>\n<meta property=\"og:url\" content=\"https:\/\/divergenre.fr\/\" \/>\n<meta property=\"og:site_name\" content=\"Divergenre\" \/>\n<meta property=\"article:publisher\" content=\"https:\/\/www.facebook.com\/DivergenreAsso\/\" \/>\n<meta property=\"article:modified_time\" content=\"2022-11-24T18:43:05+00:00\" \/>\n<meta property=\"og:image\" content=\"https:\/\/divergenre.fr\/wp-content\/uploads\/2020\/12\/divergenrelogo120.png\" \/>\n\t<meta property=\"og:image:width\" content=\"108\" \/>\n\t<meta property=\"og:image:height\" content=\"120\" \/>\n\t<meta property=\"og:image:type\" content=\"image\/png\" \/>\n<meta name=\"twitter:card\" content=\"summary_large_image\" \/>\n<meta name=\"twitter:site\" content=\"@divergenre\" \/>\n<meta name=\"twitter:label1\" content=\"Dur\u00e9e de lecture estim\u00e9e\" \/>\n\t<meta name=\"twitter:data1\" content=\"1 minute\" \/>\n<script type=\"application\/ld+json\" class=\"yoast-schema-graph\">{\"@context\":\"https:\/\/schema.org\",\"@graph\":[{\"@type\":\"WebPage\",\"@id\":\"https:\/\/divergenre.fr\/\",\"url\":\"https:\/\/divergenre.fr\/\",\"name\":\"Association ami\u00e9noise transgenre et non binaire - Divergenre\",\"isPartOf\":{\"@id\":\"https:\/\/divergenre.fr\/#website\"},\"datePublished\":\"2020-12-11T14:26:23+00:00\",\"dateModified\":\"2022-11-24T18:43:05+00:00\",\"breadcrumb\":{\"@id\":\"https:\/\/divergenre.fr\/#breadcrumb\"},\"inLanguage\":\"fr-FR\",\"potentialAction\":[{\"@type\":\"ReadAction\",\"target\":[\"https:\/\/divergenre.fr\/\"]}]},{\"@type\":\"BreadcrumbList\",\"@id\":\"https:\/\/divergenre.fr\/#breadcrumb\",\"itemListElement\":[{\"@type\":\"ListItem\",\"position\":1,\"name\":\"Accueil\",\"item\":\"https:\/\/divergenre.fr\/\"},{\"@type\":\"ListItem\",\"position\":2,\"name\":\"Association ami\u00e9noise transgenre et non binaire\"}]},{\"@type\":\"WebSite\",\"@id\":\"https:\/\/divergenre.fr\/#website\",\"url\":\"https:\/\/divergenre.fr\/\",\"name\":\"divergenre.fr\",\"description\":\"\",\"publisher\":{\"@id\":\"https:\/\/divergenre.fr\/#organization\"},\"potentialAction\":[{\"@type\":\"SearchAction\",\"target\":{\"@type\":\"EntryPoint\",\"urlTemplate\":\"https:\/\/divergenre.fr\/?s={search_term_string}\"},\"query-input\":\"required name=search_term_string\"}],\"inLanguage\":\"fr-FR\"},{\"@type\":\"Organization\",\"@id\":\"https:\/\/divergenre.fr\/#organization\",\"name\":\"Divergenre\",\"url\":\"https:\/\/divergenre.fr\/\",\"logo\":{\"@type\":\"ImageObject\",\"inLanguage\":\"fr-FR\",\"@id\":\"https:\/\/divergenre.fr\/#\/schema\/logo\/image\/\",\"url\":\"https:\/\/divergenre.fr\/wp-content\/uploads\/2020\/12\/divergenrelogo120.png\",\"contentUrl\":\"https:\/\/divergenre.fr\/wp-content\/uploads\/2020\/12\/divergenrelogo120.png\",\"width\":108,\"height\":120,\"caption\":\"Divergenre\"},\"image\":{\"@id\":\"https:\/\/divergenre.fr\/#\/schema\/logo\/image\/\"},\"sameAs\":[\"https:\/\/www.facebook.com\/DivergenreAsso\/\",\"https:\/\/twitter.com\/divergenre\",\"https:\/\/www.instagram.com\/divergenre\/?hl=fr\"]}]}<\/script>\n<!-- \/ Yoast SEO plugin. -->","yoast_head_json":{"title":"Association ami\u00e9noise transgenre et non binaire - Divergenre","robots":{"index":"index","follow":"follow","max-snippet":"max-snippet:-1","max-image-preview":"max-image-preview:large","max-video-preview":"max-video-preview:-1"},"canonical":"https:\/\/divergenre.fr\/","og_locale":"fr_FR","og_type":"article","og_title":"Association ami\u00e9noise transgenre et non binaire - Divergenre","og_description":"Actualit\u00e9s","og_url":"https:\/\/divergenre.fr\/","og_site_name":"Divergenre","article_publisher":"https:\/\/www.facebook.com\/DivergenreAsso\/","article_modified_time":"2022-11-24T18:43:05+00:00","og_image":[{"width":108,"height":120,"url":"https:\/\/divergenre.fr\/wp-content\/uploads\/2020\/12\/divergenrelogo120.png","type":"image\/png"}],"twitter_card":"summary_large_image","twitter_site":"@divergenre","twitter_misc":{"Dur\u00e9e de lecture estim\u00e9e":"1 minute"},"schema":{"@context":"https:\/\/schema.org","@graph":[{"@type":"WebPage","@id":"https:\/\/divergenre.fr\/","url":"https:\/\/divergenre.fr\/","name":"Association ami\u00e9noise transgenre et non binaire - Divergenre","isPartOf":{"@id":"https:\/\/divergenre.fr\/#website"},"datePublished":"2020-12-11T14:26:23+00:00","dateModified":"2022-11-24T18:43:05+00:00","breadcrumb":{"@id":"https:\/\/divergenre.fr\/#breadcrumb"},"inLanguage":"fr-FR","potentialAction":[{"@type":"ReadAction","target":["https:\/\/divergenre.fr\/"]}]},{"@type":"BreadcrumbList","@id":"https:\/\/divergenre.fr\/#breadcrumb","itemListElement":[{"@type":"ListItem","position":1,"name":"Accueil","item":"https:\/\/divergenre.fr\/"},{"@type":"ListItem","position":2,"name":"Association ami\u00e9noise transgenre et non binaire"}]},{"@type":"WebSite","@id":"https:\/\/divergenre.fr\/#website","url":"https:\/\/divergenre.fr\/","name":"divergenre.fr","description":"","publisher":{"@id":"https:\/\/divergenre.fr\/#organization"},"potentialAction":[{"@type":"SearchAction","target":{"@type":"EntryPoint","urlTemplate":"https:\/\/divergenre.fr\/?s={search_term_string}"},"query-input":"required name=search_term_string"}],"inLanguage":"fr-FR"},{"@type":"Organization","@id":"https:\/\/divergenre.fr\/#organization","name":"Divergenre","url":"https:\/\/divergenre.fr\/","logo":{"@type":"ImageObject","inLanguage":"fr-FR","@id":"https:\/\/divergenre.fr\/#\/schema\/logo\/image\/","url":"https:\/\/divergenre.fr\/wp-content\/uploads\/2020\/12\/divergenrelogo120.png","contentUrl":"https:\/\/divergenre.fr\/wp-content\/uploads\/2020\/12\/divergenrelogo120.png","width":108,"height":120,"caption":"Divergenre"},"image":{"@id":"https:\/\/divergenre.fr\/#\/schema\/logo\/image\/"},"sameAs":["https:\/\/www.facebook.com\/DivergenreAsso\/","https:\/\/twitter.com\/divergenre","https:\/\/www.instagram.com\/divergenre\/?hl=fr"]}]}},"_links":{"self":[{"href":"https:\/\/divergenre.fr\/index.php?rest_route=\/wp\/v2\/pages\/55"}],"collection":[{"href":"https:\/\/divergenre.fr\/index.php?rest_route=\/wp\/v2\/pages"}],"about":[{"href":"https:\/\/divergenre.fr\/index.php?rest_route=\/wp\/v2\/types\/page"}],"author":[{"embeddable":true,"href":"https:\/\/divergenre.fr\/index.php?rest_route=\/wp\/v2\/users\/3"}],"replies":[{"embeddable":true,"href":"https:\/\/divergenre.fr\/index.php?rest_route=%2Fwp%2Fv2%2Fcomments&post=55"}],"version-history":[{"count":9,"href":"https:\/\/divergenre.fr\/index.php?rest_route=\/wp\/v2\/pages\/55\/revisions"}],"predecessor-version":[{"id":220,"href":"https:\/\/divergenre.fr\/index.php?rest_route=\/wp\/v2\/pages\/55\/revisions\/220"}],"wp:attachment":[{"href":"https:\/\/divergenre.fr\/index.php?rest_route=%2Fwp%2Fv2%2Fmedia&parent=55"}],"curies":[{"name":"wp","href":"https:\/\/api.w.org\/{rel}","templated":true}]}}