{"id":225,"date":"2022-11-24T19:52:40","date_gmt":"2022-11-24T18:52:40","guid":{"rendered":"https:\/\/divergenre.fr\/?page_id=225"},"modified":"2022-11-24T20:06:36","modified_gmt":"2022-11-24T19:06:36","slug":"annonces-permancences","status":"publish","type":"page","link":"https:\/\/divergenre.fr\/?page_id=225","title":{"rendered":"Annonces permancences"},"content":{"rendered":"<ul class=\"wp-block-latest-posts__list has-dates aligncenter wp-block-latest-posts\"><li><a class=\"wp-block-latest-posts__post-title\" href=\"https:\/\/divergenre.fr\/?p=216\">Permanence de novembre<\/a><time datetime=\"2022-11-24T19:37:13+01:00\" class=\"wp-block-latest-posts__post-date\">24 novembre 2022<\/time><div class=\"wp-block-latest-posts__post-full-content\"><!-- wp:image {\"id\":203,\"sizeSlug\":\"full\",\"linkDestination\":\"none\",\"className\":\"is-style-rounded\"} -->\n<figure class=\"wp-block-image size-full is-style-rounded\"><img decoding=\"async\" loading=\"lazy\" width=\"960\" height=\"541\" src=\"http:\/\/divergenre.fr\/wp-content\/uploads\/2022\/11\/permDivergenreNovembre.jpg\" alt=\"La Permanence de novembre se d\u00e9roulera le Samedi 26 novembre a partir de 15h \u00e0 la BSP , 4 rue Ledieu entr\u00e9e D\" class=\"wp-image-203\" srcset=\"https:\/\/divergenre.fr\/wp-content\/uploads\/2022\/11\/permDivergenreNovembre.jpg 960w, https:\/\/divergenre.fr\/wp-content\/uploads\/2022\/11\/permDivergenreNovembre-300x169.jpg 300w, https:\/\/divergenre.fr\/wp-content\/uploads\/2022\/11\/permDivergenreNovembre-768x433.jpg 768w\" sizes=\"(max-width: 960px) 100vw, 960px\" \/><\/figure>\n<!-- \/wp:image -->\n\n<!-- wp:paragraph -->\n<p><\/p>\n<!-- \/wp:paragraph --><\/div><\/li>\n<\/ul>","protected":false},"excerpt":{"rendered":"","protected":false},"author":6,"featured_media":0,"parent":70,"menu_order":0,"comment_status":"closed","ping_status":"closed","template":"","meta":{"_seopress_robots_primary_cat":"","_mi_skip_tracking":false,"_monsterinsights_sitenote_active":false,"_monsterinsights_sitenote_note":"","_monsterinsights_sitenote_category":0,"footnotes":""},"yoast_head":"<!-- This site is optimized with the Yoast SEO plugin v21.5 - https:\/\/yoast.com\/wordpress\/plugins\/seo\/ -->\n<title>Annonces permancences - Divergenre<\/title>\n<meta name=\"robots\" content=\"index, follow, max-snippet:-1, max-image-preview:large, max-video-preview:-1\" \/>\n<link rel=\"canonical\" href=\"https:\/\/divergenre.fr\/?page_id=225\" \/>\n<meta property=\"og:locale\" content=\"fr_FR\" \/>\n<meta property=\"og:type\" content=\"article\" \/>\n<meta property=\"og:title\" content=\"Annonces permancences - Divergenre\" \/>\n<meta property=\"og:url\" content=\"https:\/\/divergenre.fr\/?page_id=225\" \/>\n<meta property=\"og:site_name\" content=\"Divergenre\" \/>\n<meta property=\"article:publisher\" content=\"https:\/\/www.facebook.com\/DivergenreAsso\/\" \/>\n<meta property=\"article:modified_time\" content=\"2022-11-24T19:06:36+00:00\" \/>\n<meta property=\"og:image\" content=\"https:\/\/divergenre.fr\/wp-content\/uploads\/2020\/12\/divergenrelogo120.png\" \/>\n\t<meta property=\"og:image:width\" content=\"108\" \/>\n\t<meta property=\"og:image:height\" content=\"120\" \/>\n\t<meta property=\"og:image:type\" content=\"image\/png\" \/>\n<meta name=\"twitter:card\" content=\"summary_large_image\" \/>\n<meta name=\"twitter:site\" content=\"@divergenre\" \/>\n<script type=\"application\/ld+json\" class=\"yoast-schema-graph\">{\"@context\":\"https:\/\/schema.org\",\"@graph\":[{\"@type\":\"WebPage\",\"@id\":\"https:\/\/divergenre.fr\/?page_id=225\",\"url\":\"https:\/\/divergenre.fr\/?page_id=225\",\"name\":\"Annonces permancences - Divergenre\",\"isPartOf\":{\"@id\":\"https:\/\/divergenre.fr\/#website\"},\"datePublished\":\"2022-11-24T18:52:40+00:00\",\"dateModified\":\"2022-11-24T19:06:36+00:00\",\"breadcrumb\":{\"@id\":\"https:\/\/divergenre.fr\/?page_id=225#breadcrumb\"},\"inLanguage\":\"fr-FR\",\"potentialAction\":[{\"@type\":\"ReadAction\",\"target\":[\"https:\/\/divergenre.fr\/?page_id=225\"]}]},{\"@type\":\"BreadcrumbList\",\"@id\":\"https:\/\/divergenre.fr\/?page_id=225#breadcrumb\",\"itemListElement\":[{\"@type\":\"ListItem\",\"position\":1,\"name\":\"Accueil\",\"item\":\"https:\/\/divergenre.fr\/\"},{\"@type\":\"ListItem\",\"position\":2,\"name\":\"L&rsquo;association\",\"item\":\"https:\/\/divergenre.fr\/?page_id=63\"},{\"@type\":\"ListItem\",\"position\":3,\"name\":\"Permanences\",\"item\":\"https:\/\/divergenre.fr\/?page_id=70\"},{\"@type\":\"ListItem\",\"position\":4,\"name\":\"Annonces permancences\"}]},{\"@type\":\"WebSite\",\"@id\":\"https:\/\/divergenre.fr\/#website\",\"url\":\"https:\/\/divergenre.fr\/\",\"name\":\"divergenre.fr\",\"description\":\"\",\"publisher\":{\"@id\":\"https:\/\/divergenre.fr\/#organization\"},\"potentialAction\":[{\"@type\":\"SearchAction\",\"target\":{\"@type\":\"EntryPoint\",\"urlTemplate\":\"https:\/\/divergenre.fr\/?s={search_term_string}\"},\"query-input\":\"required name=search_term_string\"}],\"inLanguage\":\"fr-FR\"},{\"@type\":\"Organization\",\"@id\":\"https:\/\/divergenre.fr\/#organization\",\"name\":\"Divergenre\",\"url\":\"https:\/\/divergenre.fr\/\",\"logo\":{\"@type\":\"ImageObject\",\"inLanguage\":\"fr-FR\",\"@id\":\"https:\/\/divergenre.fr\/#\/schema\/logo\/image\/\",\"url\":\"https:\/\/divergenre.fr\/wp-content\/uploads\/2020\/12\/divergenrelogo120.png\",\"contentUrl\":\"https:\/\/divergenre.fr\/wp-content\/uploads\/2020\/12\/divergenrelogo120.png\",\"width\":108,\"height\":120,\"caption\":\"Divergenre\"},\"image\":{\"@id\":\"https:\/\/divergenre.fr\/#\/schema\/logo\/image\/\"},\"sameAs\":[\"https:\/\/www.facebook.com\/DivergenreAsso\/\",\"https:\/\/twitter.com\/divergenre\",\"https:\/\/www.instagram.com\/divergenre\/?hl=fr\"]}]}<\/script>\n<!-- \/ Yoast SEO plugin. -->","yoast_head_json":{"title":"Annonces permancences - Divergenre","robots":{"index":"index","follow":"follow","max-snippet":"max-snippet:-1","max-image-preview":"max-image-preview:large","max-video-preview":"max-video-preview:-1"},"canonical":"https:\/\/divergenre.fr\/?page_id=225","og_locale":"fr_FR","og_type":"article","og_title":"Annonces permancences - Divergenre","og_url":"https:\/\/divergenre.fr\/?page_id=225","og_site_name":"Divergenre","article_publisher":"https:\/\/www.facebook.com\/DivergenreAsso\/","article_modified_time":"2022-11-24T19:06:36+00:00","og_image":[{"width":108,"height":120,"url":"https:\/\/divergenre.fr\/wp-content\/uploads\/2020\/12\/divergenrelogo120.png","type":"image\/png"}],"twitter_card":"summary_large_image","twitter_site":"@divergenre","schema":{"@context":"https:\/\/schema.org","@graph":[{"@type":"WebPage","@id":"https:\/\/divergenre.fr\/?page_id=225","url":"https:\/\/divergenre.fr\/?page_id=225","name":"Annonces permancences - Divergenre","isPartOf":{"@id":"https:\/\/divergenre.fr\/#website"},"datePublished":"2022-11-24T18:52:40+00:00","dateModified":"2022-11-24T19:06:36+00:00","breadcrumb":{"@id":"https:\/\/divergenre.fr\/?page_id=225#breadcrumb"},"inLanguage":"fr-FR","potentialAction":[{"@type":"ReadAction","target":["https:\/\/divergenre.fr\/?page_id=225"]}]},{"@type":"BreadcrumbList","@id":"https:\/\/divergenre.fr\/?page_id=225#breadcrumb","itemListElement":[{"@type":"ListItem","position":1,"name":"Accueil","item":"https:\/\/divergenre.fr\/"},{"@type":"ListItem","position":2,"name":"L&rsquo;association","item":"https:\/\/divergenre.fr\/?page_id=63"},{"@type":"ListItem","position":3,"name":"Permanences","item":"https:\/\/divergenre.fr\/?page_id=70"},{"@type":"ListItem","position":4,"name":"Annonces permancences"}]},{"@type":"WebSite","@id":"https:\/\/divergenre.fr\/#website","url":"https:\/\/divergenre.fr\/","name":"divergenre.fr","description":"","publisher":{"@id":"https:\/\/divergenre.fr\/#organization"},"potentialAction":[{"@type":"SearchAction","target":{"@type":"EntryPoint","urlTemplate":"https:\/\/divergenre.fr\/?s={search_term_string}"},"query-input":"required name=search_term_string"}],"inLanguage":"fr-FR"},{"@type":"Organization","@id":"https:\/\/divergenre.fr\/#organization","name":"Divergenre","url":"https:\/\/divergenre.fr\/","logo":{"@type":"ImageObject","inLanguage":"fr-FR","@id":"https:\/\/divergenre.fr\/#\/schema\/logo\/image\/","url":"https:\/\/divergenre.fr\/wp-content\/uploads\/2020\/12\/divergenrelogo120.png","contentUrl":"https:\/\/divergenre.fr\/wp-content\/uploads\/2020\/12\/divergenrelogo120.png","width":108,"height":120,"caption":"Divergenre"},"image":{"@id":"https:\/\/divergenre.fr\/#\/schema\/logo\/image\/"},"sameAs":["https:\/\/www.facebook.com\/DivergenreAsso\/","https:\/\/twitter.com\/divergenre","https:\/\/www.instagram.com\/divergenre\/?hl=fr"]}]}},"_links":{"self":[{"href":"https:\/\/divergenre.fr\/index.php?rest_route=\/wp\/v2\/pages\/225"}],"collection":[{"href":"https:\/\/divergenre.fr\/index.php?rest_route=\/wp\/v2\/pages"}],"about":[{"href":"https:\/\/divergenre.fr\/index.php?rest_route=\/wp\/v2\/types\/page"}],"author":[{"embeddable":true,"href":"https:\/\/divergenre.fr\/index.php?rest_route=\/wp\/v2\/users\/6"}],"replies":[{"embeddable":true,"href":"https:\/\/divergenre.fr\/index.php?rest_route=%2Fwp%2Fv2%2Fcomments&post=225"}],"version-history":[{"count":2,"href":"https:\/\/divergenre.fr\/index.php?rest_route=\/wp\/v2\/pages\/225\/revisions"}],"predecessor-version":[{"id":229,"href":"https:\/\/divergenre.fr\/index.php?rest_route=\/wp\/v2\/pages\/225\/revisions\/229"}],"up":[{"embeddable":true,"href":"https:\/\/divergenre.fr\/index.php?rest_route=\/wp\/v2\/pages\/70"}],"wp:attachment":[{"href":"https:\/\/divergenre.fr\/index.php?rest_route=%2Fwp%2Fv2%2Fmedia&parent=225"}],"curies":[{"name":"wp","href":"https:\/\/api.w.org\/{rel}","templated":true}]}}